{"id":446,"date":"2024-08-04T15:36:58","date_gmt":"2024-08-04T15:36:58","guid":{"rendered":"https:\/\/harissefer.com\/?page_id=446"},"modified":"2024-09-08T14:32:23","modified_gmt":"2024-09-08T14:32:23","slug":"about-haris","status":"publish","type":"page","link":"https:\/\/harissefer.com\/bs\/about-haris\/","title":{"rendered":"About Haris"},"content":{"rendered":"<div data-elementor-type=\"wp-page\" data-elementor-id=\"446\" class=\"elementor elementor-446\">\n\t\t\t\t<div class=\"elementor-element elementor-element-b93338e e-flex e-con-boxed e-con e-parent\" data-id=\"b93338e\" data-element_type=\"container\">\n\t\t\t\t\t<div class=\"e-con-inner\">\n\t\t\t\t<div class=\"elementor-element elementor-element-c232498 elementor-widget elementor-widget-spacer\" data-id=\"c232498\" data-element_type=\"widget\" data-widget_type=\"spacer.default\">\n\t\t\t\t<div class=\"elementor-widget-container\">\n\t\t\t\t\t\t\t<div class=\"elementor-spacer\">\n\t\t\t<div class=\"elementor-spacer-inner\"><\/div>\n\t\t<\/div>\n\t\t\t\t\t\t<\/div>\n\t\t\t\t<\/div>\n\t\t\t\t\t<\/div>\n\t\t\t\t<\/div>\n\t\t<div class=\"elementor-element elementor-element-2855cc03 e-con-full e-flex e-con e-parent\" data-id=\"2855cc03\" data-element_type=\"container\" data-settings=\"{&quot;background_background&quot;:&quot;classic&quot;}\">\n\t\t<div class=\"elementor-element elementor-element-721beb0c e-con-full e-flex e-con e-child\" data-id=\"721beb0c\" data-element_type=\"container\" data-settings=\"{&quot;background_background&quot;:&quot;classic&quot;}\">\n\t\t\t\t<div class=\"elementor-element elementor-element-7e30e900 elementor-widget elementor-widget-heading\" data-id=\"7e30e900\" data-element_type=\"widget\" data-widget_type=\"heading.default\">\n\t\t\t\t<div class=\"elementor-widget-container\">\n\t\t\t\t\t<h2 class=\"elementor-heading-title elementor-size-default\">O Harisu<\/h2>\t\t\t\t<\/div>\n\t\t\t\t<\/div>\n\t\t\t\t<div class=\"elementor-element elementor-element-282a974e elementor-widget elementor-widget-text-editor\" data-id=\"282a974e\" data-element_type=\"widget\" data-widget_type=\"text-editor.default\">\n\t\t\t\t<div class=\"elementor-widget-container\">\n\t\t\t\t\t\t\t\t\t<p>''Po\u010deo sam da pjevam sa nepune tri godine, inspirisan s svojim idolom Halidom Be\u0161li\u0107em i njegovom pjesmom \u2018Sarajevo\u2019.''<\/p>\t\t\t\t\t\t\t\t<\/div>\n\t\t\t\t<\/div>\n\t\t\t\t<\/div>\n\t\t<div class=\"elementor-element elementor-element-5d451cad e-con-full e-flex e-con e-child\" data-id=\"5d451cad\" data-element_type=\"container\" data-settings=\"{&quot;background_background&quot;:&quot;classic&quot;}\">\n\t\t\t\t<\/div>\n\t\t\t\t<\/div>\n\t\t<div class=\"elementor-element elementor-element-9b05e8f e-con-full e-flex e-con e-parent\" data-id=\"9b05e8f\" data-element_type=\"container\" data-settings=\"{&quot;background_background&quot;:&quot;classic&quot;}\">\n\t\t<div class=\"elementor-element elementor-element-9ed6643 e-con-full e-flex e-con e-child\" data-id=\"9ed6643\" data-element_type=\"container\" data-settings=\"{&quot;background_background&quot;:&quot;classic&quot;}\">\n\t\t\t\t<div class=\"elementor-element elementor-element-e00a668 elementor-widget elementor-widget-image\" data-id=\"e00a668\" data-element_type=\"widget\" data-widget_type=\"image.default\">\n\t\t\t\t<div class=\"elementor-widget-container\">\n\t\t\t\t\t\t\t\t\t\t\t\t\t\t\t<img fetchpriority=\"high\" decoding=\"async\" width=\"1024\" height=\"1024\" src=\"https:\/\/harissefer.com\/wp-content\/uploads\/2024\/08\/Promo-Uzeh-Dugum-i-Mastrafu-1024x1024.png\" class=\"attachment-large size-large wp-image-474\" alt=\"\" srcset=\"https:\/\/harissefer.com\/wp-content\/uploads\/2024\/08\/Promo-Uzeh-Dugum-i-Mastrafu-1024x1024.png 1024w, https:\/\/harissefer.com\/wp-content\/uploads\/2024\/08\/Promo-Uzeh-Dugum-i-Mastrafu-300x300.png 300w, https:\/\/harissefer.com\/wp-content\/uploads\/2024\/08\/Promo-Uzeh-Dugum-i-Mastrafu-150x150.png 150w, https:\/\/harissefer.com\/wp-content\/uploads\/2024\/08\/Promo-Uzeh-Dugum-i-Mastrafu-768x768.png 768w, https:\/\/harissefer.com\/wp-content\/uploads\/2024\/08\/Promo-Uzeh-Dugum-i-Mastrafu-12x12.png 12w, https:\/\/harissefer.com\/wp-content\/uploads\/2024\/08\/Promo-Uzeh-Dugum-i-Mastrafu.png 1080w\" sizes=\"(max-width: 1024px) 100vw, 1024px\" \/>\t\t\t\t\t\t\t\t\t\t\t\t\t\t\t<\/div>\n\t\t\t\t<\/div>\n\t\t\t\t<\/div>\n\t\t<div class=\"elementor-element elementor-element-659cfec e-con-full e-flex e-con e-child\" data-id=\"659cfec\" data-element_type=\"container\">\n\t\t<div class=\"elementor-element elementor-element-acd5c51 e-con-full e-flex e-con e-child\" data-id=\"acd5c51\" data-element_type=\"container\">\n\t\t\t\t<div class=\"elementor-element elementor-element-460b5623 elementor-widget elementor-widget-text-editor\" data-id=\"460b5623\" data-element_type=\"widget\" data-widget_type=\"text-editor.default\">\n\t\t\t\t<div class=\"elementor-widget-container\">\n\t\t\t\t\t\t\t\t\t<p>Haris Sefer, born and raised in The Hague, the Netherlands and has been captivating audiences with his unique musical style for more than a decade. His musical journey began at the age of three when he started singing, and his favorite song was &#8220;Sarajevo&#8221; by his idol Halid Be\u0161li\u0107. His repertoire includes a diverse mix of rock, pop, folk, and traditional Bosnian (sevdah) music, which makes his performances a rich combination of sounds.<\/p>\n<p>Haris je nastupao na brojnim presti\u017enim prostorima i festivalima, ne samo u Holandiji ve\u0107 i \u0161irom Evrope. Sara\u0111ivao je sa raznim umjetnicima i nagra\u0111ivan je sa nekoliko nagrada za svoj doprinos muzici. Njegova sposobnost da neprimjetno spaja razli\u010dite \u017eanrove i njegova energi\u010dna scenska prisutnost \u010dine njegove koncerte nezaboravnim iskustvom. Bilo kroz njegove duboke balade ili energi\u010dne rock pjesme, Harisova muzika duboko odjekuje njegovoj publici.<\/p>\n<p><a href=\"https:\/\/harissefer.com\/bs\/events\/\"><strong>Come and see for yourself!<\/strong><\/a><\/p>\n<p><!-- notionvc: d2831c3a-9cd9-4ca7-8684-6f48f7979388 --><\/p>\t\t\t\t\t\t\t\t<\/div>\n\t\t\t\t<\/div>\n\t\t\t\t<\/div>\n\t\t\t\t<\/div>\n\t\t\t\t<\/div>\n\t\t<div class=\"elementor-element elementor-element-2739388 e-flex e-con-boxed e-con e-parent\" data-id=\"2739388\" data-element_type=\"container\" data-settings=\"{&quot;background_background&quot;:&quot;classic&quot;}\">\n\t\t\t\t\t<div class=\"e-con-inner\">\n\t\t\t\t<div class=\"elementor-element elementor-element-b0ea936 elementor-widget elementor-widget-spacer\" data-id=\"b0ea936\" data-element_type=\"widget\" data-widget_type=\"spacer.default\">\n\t\t\t\t<div class=\"elementor-widget-container\">\n\t\t\t\t\t\t\t<div class=\"elementor-spacer\">\n\t\t\t<div class=\"elementor-spacer-inner\"><\/div>\n\t\t<\/div>\n\t\t\t\t\t\t<\/div>\n\t\t\t\t<\/div>\n\t\t\t\t\t<\/div>\n\t\t\t\t<\/div>\n\t\t<div class=\"elementor-element elementor-element-2ef875c e-flex e-con-boxed e-con e-parent\" data-id=\"2ef875c\" data-element_type=\"container\" data-settings=\"{&quot;background_background&quot;:&quot;classic&quot;}\">\n\t\t\t\t\t<div class=\"e-con-inner\">\n\t\t<div class=\"elementor-element elementor-element-3c7aaa7 e-con-full e-flex e-con e-child\" data-id=\"3c7aaa7\" data-element_type=\"container\" data-settings=\"{&quot;background_background&quot;:&quot;classic&quot;}\">\n\t\t<div class=\"elementor-element elementor-element-e6cff13 e-con-full e-flex e-con e-child\" data-id=\"e6cff13\" data-element_type=\"container\">\n\t\t\t\t<div class=\"elementor-element elementor-element-19dce18 elementor-widget elementor-widget-image\" data-id=\"19dce18\" data-element_type=\"widget\" data-widget_type=\"image.default\">\n\t\t\t\t<div class=\"elementor-widget-container\">\n\t\t\t\t\t\t\t\t\t\t\t\t\t\t\t<img decoding=\"async\" width=\"1024\" height=\"683\" src=\"https:\/\/harissefer.com\/wp-content\/uploads\/2024\/08\/Firefly-20240717113718-1024x683.png\" class=\"attachment-large size-large wp-image-397\" alt=\"\" srcset=\"https:\/\/harissefer.com\/wp-content\/uploads\/2024\/08\/Firefly-20240717113718-1024x683.png 1024w, https:\/\/harissefer.com\/wp-content\/uploads\/2024\/08\/Firefly-20240717113718-300x200.png 300w, https:\/\/harissefer.com\/wp-content\/uploads\/2024\/08\/Firefly-20240717113718-768x512.png 768w, https:\/\/harissefer.com\/wp-content\/uploads\/2024\/08\/Firefly-20240717113718-1536x1024.png 1536w, https:\/\/harissefer.com\/wp-content\/uploads\/2024\/08\/Firefly-20240717113718-2048x1365.png 2048w, https:\/\/harissefer.com\/wp-content\/uploads\/2024\/08\/Firefly-20240717113718-18x12.png 18w\" sizes=\"(max-width: 1024px) 100vw, 1024px\" \/>\t\t\t\t\t\t\t\t\t\t\t\t\t\t\t<\/div>\n\t\t\t\t<\/div>\n\t\t\t\t<\/div>\n\t\t<div class=\"elementor-element elementor-element-d80c024 e-con-full e-flex e-con e-child\" data-id=\"d80c024\" data-element_type=\"container\">\n\t\t\t\t<\/div>\n\t\t\t\t<\/div>\n\t\t\t\t\t<\/div>\n\t\t\t\t<\/div>\n\t\t<div class=\"elementor-element elementor-element-16b1da3 e-flex e-con-boxed e-con e-parent\" data-id=\"16b1da3\" data-element_type=\"container\" data-settings=\"{&quot;background_background&quot;:&quot;classic&quot;}\">\n\t\t\t\t\t<div class=\"e-con-inner\">\n\t\t\t\t\t<\/div>\n\t\t\t\t<\/div>\n\t\t\t\t<\/div>","protected":false},"excerpt":{"rendered":"<p>ABOUT HARIS &#8221;I started singing when I was less than three years old, inspired by my idol Halid Be\u0161li\u0107 and [&hellip;]<\/p>","protected":false},"author":1,"featured_media":0,"parent":0,"menu_order":0,"comment_status":"closed","ping_status":"closed","template":"","meta":{"site-sidebar-layout":"no-sidebar","site-content-layout":"","ast-site-content-layout":"full-width-container","site-content-style":"default","site-sidebar-style":"default","ast-global-header-display":"","ast-banner-title-visibility":"","ast-main-header-display":"","ast-hfb-above-header-display":"","ast-hfb-below-header-display":"","ast-hfb-mobile-header-display":"","site-post-title":"disabled","ast-breadcrumbs-content":"","ast-featured-img":"disabled","footer-sml-layout":"","theme-transparent-header-meta":"","adv-header-id-meta":"","stick-header-meta":"","header-above-stick-meta":"","header-main-stick-meta":"","header-below-stick-meta":"","astra-migrate-meta-layouts":"default","ast-page-background-enabled":"default","ast-page-background-meta":{"desktop":{"background-color":"var(--ast-global-color-4)","background-image":"","background-repeat":"repeat","background-position":"center center","background-size":"auto","background-attachment":"scroll","background-type":"","background-media":"","overlay-type":"","overlay-color":"","overlay-opacity":"","overlay-gradient":""},"tablet":{"background-color":"","background-image":"","background-repeat":"repeat","background-position":"center center","background-size":"auto","background-attachment":"scroll","background-type":"","background-media":"","overlay-type":"","overlay-color":"","overlay-opacity":"","overlay-gradient":""},"mobile":{"background-color":"","background-image":"","background-repeat":"repeat","background-position":"center center","background-size":"auto","background-attachment":"scroll","background-type":"","background-media":"","overlay-type":"","overlay-color":"","overlay-opacity":"","overlay-gradient":""}},"ast-content-background-meta":{"desktop":{"background-color":"var(--ast-global-color-5)","background-image":"","background-repeat":"repeat","background-position":"center center","background-size":"auto","background-attachment":"scroll","background-type":"","background-media":"","overlay-type":"","overlay-color":"","overlay-opacity":"","overlay-gradient":""},"tablet":{"background-color":"var(--ast-global-color-5)","background-image":"","background-repeat":"repeat","background-position":"center center","background-size":"auto","background-attachment":"scroll","background-type":"","background-media":"","overlay-type":"","overlay-color":"","overlay-opacity":"","overlay-gradient":""},"mobile":{"background-color":"var(--ast-global-color-5)","background-image":"","background-repeat":"repeat","background-position":"center center","background-size":"auto","background-attachment":"scroll","background-type":"","background-media":"","overlay-type":"","overlay-color":"","overlay-opacity":"","overlay-gradient":""}},"footnotes":""},"class_list":["post-446","page","type-page","status-publish","hentry"],"_links":{"self":[{"href":"https:\/\/harissefer.com\/bs\/wp-json\/wp\/v2\/pages\/446","targetHints":{"allow":["GET"]}}],"collection":[{"href":"https:\/\/harissefer.com\/bs\/wp-json\/wp\/v2\/pages"}],"about":[{"href":"https:\/\/harissefer.com\/bs\/wp-json\/wp\/v2\/types\/page"}],"author":[{"embeddable":true,"href":"https:\/\/harissefer.com\/bs\/wp-json\/wp\/v2\/users\/1"}],"replies":[{"embeddable":true,"href":"https:\/\/harissefer.com\/bs\/wp-json\/wp\/v2\/comments?post=446"}],"version-history":[{"count":64,"href":"https:\/\/harissefer.com\/bs\/wp-json\/wp\/v2\/pages\/446\/revisions"}],"predecessor-version":[{"id":1578,"href":"https:\/\/harissefer.com\/bs\/wp-json\/wp\/v2\/pages\/446\/revisions\/1578"}],"wp:attachment":[{"href":"https:\/\/harissefer.com\/bs\/wp-json\/wp\/v2\/media?parent=446"}],"curies":[{"name":"wp","href":"https:\/\/api.w.org\/{rel}","templated":true}]}}