{"id":998,"date":"2024-08-17T21:47:31","date_gmt":"2024-08-17T21:47:31","guid":{"rendered":"https:\/\/harissefer.com\/?page_id=998"},"modified":"2024-08-19T19:09:51","modified_gmt":"2024-08-19T19:09:51","slug":"pr-media","status":"publish","type":"page","link":"https:\/\/harissefer.com\/bs\/pr-media\/","title":{"rendered":"PR\/MEDIA"},"content":{"rendered":"<div data-elementor-type=\"wp-page\" data-elementor-id=\"998\" class=\"elementor elementor-998\">\n\t\t\t\t<div class=\"elementor-element elementor-element-18cac025 e-con-full e-flex e-con e-parent\" data-id=\"18cac025\" data-element_type=\"container\" data-settings=\"{&quot;background_background&quot;:&quot;classic&quot;}\">\n\t\t<div class=\"elementor-element elementor-element-47e28b9f e-flex e-con-boxed e-con e-child\" data-id=\"47e28b9f\" data-element_type=\"container\">\n\t\t\t\t\t<div class=\"e-con-inner\">\n\t\t\t\t<div class=\"elementor-element elementor-element-4357d065 animated-slow elementor-invisible elementor-widget elementor-widget-heading\" data-id=\"4357d065\" data-element_type=\"widget\" data-settings=\"{&quot;_animation&quot;:&quot;slideInUp&quot;}\" data-widget_type=\"heading.default\">\n\t\t\t\t<div class=\"elementor-widget-container\">\n\t\t\t\t\t<h2 class=\"elementor-heading-title elementor-size-default\">KONTAKT<\/h2>\t\t\t\t<\/div>\n\t\t\t\t<\/div>\n\t\t\t\t<div class=\"elementor-element elementor-element-6f683576 animated-slow elementor-invisible elementor-widget elementor-widget-heading\" data-id=\"6f683576\" data-element_type=\"widget\" data-settings=\"{&quot;_animation&quot;:&quot;slideInUp&quot;}\" data-widget_type=\"heading.default\">\n\t\t\t\t<div class=\"elementor-widget-container\">\n\t\t\t\t\t<h2 class=\"elementor-heading-title elementor-size-default\">PR\/MEDIA<\/h2>\t\t\t\t<\/div>\n\t\t\t\t<\/div>\n\t\t\t\t\t<\/div>\n\t\t\t\t<\/div>\n\t\t<div class=\"elementor-element elementor-element-47b60cde e-con-full e-flex e-con e-child\" data-id=\"47b60cde\" data-element_type=\"container\">\n\t\t<div class=\"elementor-element elementor-element-57702a02 animated-slow e-con-full e-flex elementor-invisible e-con e-child\" data-id=\"57702a02\" data-element_type=\"container\" data-settings=\"{&quot;background_background&quot;:&quot;classic&quot;,&quot;animation&quot;:&quot;fadeInUp&quot;,&quot;animation_delay&quot;:600}\">\n\t\t\t\t<div class=\"elementor-element elementor-element-966681c elementor-widget elementor-widget-image\" data-id=\"966681c\" data-element_type=\"widget\" data-widget_type=\"image.default\">\n\t\t\t\t<div class=\"elementor-widget-container\">\n\t\t\t\t\t\t\t\t\t\t\t\t\t\t\t<img fetchpriority=\"high\" decoding=\"async\" width=\"607\" height=\"1024\" src=\"https:\/\/harissefer.com\/wp-content\/uploads\/2024\/08\/Ontwerp-zonder-titel-26-607x1024.png\" class=\"attachment-large size-large wp-image-1379\" alt=\"\" srcset=\"https:\/\/harissefer.com\/wp-content\/uploads\/2024\/08\/Ontwerp-zonder-titel-26-607x1024.png 607w, https:\/\/harissefer.com\/wp-content\/uploads\/2024\/08\/Ontwerp-zonder-titel-26-178x300.png 178w, https:\/\/harissefer.com\/wp-content\/uploads\/2024\/08\/Ontwerp-zonder-titel-26-7x12.png 7w, https:\/\/harissefer.com\/wp-content\/uploads\/2024\/08\/Ontwerp-zonder-titel-26.png 640w\" sizes=\"(max-width: 607px) 100vw, 607px\" \/>\t\t\t\t\t\t\t\t\t\t\t\t\t\t\t<\/div>\n\t\t\t\t<\/div>\n\t\t\t\t<\/div>\n\t\t<div class=\"elementor-element elementor-element-683effc5 e-con-full e-flex e-con e-child\" data-id=\"683effc5\" data-element_type=\"container\">\n\t\t\t\t<div class=\"elementor-element elementor-element-50ca158b elementor-widget elementor-widget-text-editor\" data-id=\"50ca158b\" data-element_type=\"widget\" data-widget_type=\"text-editor.default\">\n\t\t\t\t<div class=\"elementor-widget-container\">\n\t\t\t\t\t\t\t\t\t<p>Haris Sefer, born and raised in The Hague, the Netherlands, has been captivating audiences with his unique musical style for more than a decade. His musical journey began at the age of three when he started singing, and his favorite song was \u201cSarajevo\u201d by his idol Halid Be\u0161li\u0107. His repertoire includes a diverse mix of rock, pop, folk, and traditional Bosnian (sevdah) music, which makes his performances a rich combination of sounds.<\/p>\n<p>Haris je nastupao na brojnim presti\u017enim prostorima i festivalima, ne samo u Holandiji ve\u0107 i \u0161irom Evrope. Sara\u0111ivao je sa raznim umjetnicima i nagra\u0111ivan je sa nekoliko nagrada za svoj doprinos muzici. Njegova sposobnost da neprimjetno spaja razli\u010dite \u017eanrove i njegova energi\u010dna scenska prisutnost \u010dine njegove koncerte nezaboravnim iskustvom. Bilo kroz njegove duboke balade ili energi\u010dne rok pjesme, Harisova muzika duboko odjekuje njegovoj publici.<\/p>\n<p><!-- notionvc: cb4f1692-9576-4dab-89d1-c1f5d0a75920 --><\/p>\t\t\t\t\t\t\t\t<\/div>\n\t\t\t\t<\/div>\n\t\t<div class=\"elementor-element elementor-element-eb43847 e-con-full e-flex e-con e-child\" data-id=\"eb43847\" data-element_type=\"container\">\n\t\t\t\t<div class=\"elementor-element elementor-element-618c94d elementor-widget__width-inherit elementor-widget-mobile__width-inherit elementor-icon-list--layout-inline elementor-list-item-link-full_width elementor-widget elementor-widget-icon-list\" data-id=\"618c94d\" data-element_type=\"widget\" data-widget_type=\"icon-list.default\">\n\t\t\t\t<div class=\"elementor-widget-container\">\n\t\t\t\t\t\t\t<ul class=\"elementor-icon-list-items elementor-inline-items\">\n\t\t\t\t\t\t\t<li class=\"elementor-icon-list-item elementor-inline-item\">\n\t\t\t\t\t\t\t\t\t\t\t<span class=\"elementor-icon-list-icon\">\n\t\t\t\t\t\t\t<svg xmlns=\"http:\/\/www.w3.org\/2000\/svg\" height=\"48\" viewbox=\"0 -960 960 960\" width=\"48\"><path d=\"M184.692-180v-30.769h81.693v-234L84.615-720h395.078L297.154-444.769v234h82.462V-180H184.692Zm9.923-426.308h174.308l54.231-82.923h-282l53.461 82.923ZM613.552-180q-42.398 0-70.283-27.794-27.884-27.794-27.884-70.192 0-41.629 27.82-69.514 27.821-27.885 70.257-27.885 16.836 0 33.264 6.077 16.428 6.077 33.274 18.769V-720h155.385v61.308H710.769v380.615q0 42.436-27.794 70.257Q655.181-180 613.552-180Z\"><\/path><\/svg>\t\t\t\t\t\t<\/span>\n\t\t\t\t\t\t\t\t\t\t<span class=\"elementor-icon-list-text\">FOLK<\/span>\n\t\t\t\t\t\t\t\t\t<\/li>\n\t\t\t\t\t\t\t\t<li class=\"elementor-icon-list-item elementor-inline-item\">\n\t\t\t\t\t\t\t\t\t\t\t<span class=\"elementor-icon-list-icon\">\n\t\t\t\t\t\t\t<svg xmlns=\"http:\/\/www.w3.org\/2000\/svg\" height=\"48\" viewbox=\"0 -960 960 960\" width=\"48\"><path d=\"m408.385-201.154 240.538-288.077H479.692l32.154-254.462-216.077 312.924h145.539l-32.923 229.615Zm-42.231 76.539 40-275.385H236.153l299.232-431.539h18.461L514.616-520h200L384.615-124.615h-18.461Zm106.308-348.308Z\"><\/path><\/svg>\t\t\t\t\t\t<\/span>\n\t\t\t\t\t\t\t\t\t\t<span class=\"elementor-icon-list-text\">ROCK\/POP<\/span>\n\t\t\t\t\t\t\t\t\t<\/li>\n\t\t\t\t\t\t\t\t<li class=\"elementor-icon-list-item elementor-inline-item\">\n\t\t\t\t\t\t\t\t\t\t\t<span class=\"elementor-icon-list-icon\">\n\t\t\t\t\t\t\t<svg xmlns=\"http:\/\/www.w3.org\/2000\/svg\" height=\"48\" viewbox=\"0 -960 960 960\" width=\"48\"><path d=\"M312.692-275.384v-409.232h30.77v409.232h-30.77ZM464.615-120v-720h30.77v720h-30.77ZM160-427.692v-104.616h30.769v104.616H160Zm457.308 152.308v-409.232h30.769v409.232h-30.769Zm151.923-152.308v-104.616H800v104.616h-30.769Z\"><\/path><\/svg>\t\t\t\t\t\t<\/span>\n\t\t\t\t\t\t\t\t\t\t<span class=\"elementor-icon-list-text\">SEVDAH<\/span>\n\t\t\t\t\t\t\t\t\t<\/li>\n\t\t\t\t\t\t<\/ul>\n\t\t\t\t\t\t<\/div>\n\t\t\t\t<\/div>\n\t\t\t\t<\/div>\n\t\t\t\t<\/div>\n\t\t\t\t<\/div>\n\t\t\t\t<\/div>\n\t\t<div class=\"elementor-element elementor-element-5e210ac e-con-full e-flex e-con e-parent\" data-id=\"5e210ac\" data-element_type=\"container\" data-settings=\"{&quot;background_background&quot;:&quot;classic&quot;}\">\n\t\t<div class=\"elementor-element elementor-element-5f6ac34 e-con-full e-flex e-con e-child\" data-id=\"5f6ac34\" data-element_type=\"container\">\n\t\t\t\t<div class=\"elementor-element elementor-element-9c5d555 elementor-view-default elementor-widget elementor-widget-icon\" data-id=\"9c5d555\" data-element_type=\"widget\" data-widget_type=\"icon.default\">\n\t\t\t\t<div class=\"elementor-widget-container\">\n\t\t\t\t\t\t\t<div class=\"elementor-icon-wrapper\">\n\t\t\t<a class=\"elementor-icon\" href=\"https:\/\/harissefer.com\/bs\/events\/\">\n\t\t\t<svg xmlns=\"http:\/\/www.w3.org\/2000\/svg\" height=\"24px\" viewbox=\"0 -960 960 960\" width=\"24px\" fill=\"#FFFFFF\"><path d=\"M232-132q-26 0-43-17t-17-43v-496q0-26 17-43t43-17h80v-92h32v92h276v-92h28v92h80q26 0 43 17t17 43v496q0 26-17 43t-43 17H232Zm0-28h496q12 0 22-10t10-22v-336H200v336q0 12 10 22t22 10Zm-32-396h560v-132q0-12-10-22t-22-10H232q-12 0-22 10t-10 22v132Zm0 0v-164 164Zm280 164q-11 0-19.5-8.5T452-420q0-11 8.5-19.5T480-448q11 0 19.5 8.5T508-420q0 11-8.5 19.5T480-392Zm-160 0q-11 0-19.5-8.5T292-420q0-11 8.5-19.5T320-448q11 0 19.5 8.5T348-420q0 11-8.5 19.5T320-392Zm320 0q-11 0-19.5-8.5T612-420q0-11 8.5-19.5T640-448q11 0 19.5 8.5T668-420q0 11-8.5 19.5T640-392ZM480-240q-11 0-19.5-8.5T452-268q0-11 8.5-19.5T480-296q11 0 19.5 8.5T508-268q0 11-8.5 19.5T480-240Zm-160 0q-11 0-19.5-8.5T292-268q0-11 8.5-19.5T320-296q11 0 19.5 8.5T348-268q0 11-8.5 19.5T320-240Zm320 0q-11 0-19.5-8.5T612-268q0-11 8.5-19.5T640-296q11 0 19.5 8.5T668-268q0 11-8.5 19.5T640-240Z\"><\/path><\/svg>\t\t\t<\/a>\n\t\t<\/div>\n\t\t\t\t\t\t<\/div>\n\t\t\t\t<\/div>\n\t\t\t\t<div class=\"elementor-element elementor-element-53844dd elementor-align-center elementor-widget elementor-widget-button\" data-id=\"53844dd\" data-element_type=\"widget\" data-widget_type=\"button.default\">\n\t\t\t\t<div class=\"elementor-widget-container\">\n\t\t\t\t\t\t\t\t\t<div class=\"elementor-button-wrapper\">\n\t\t\t\t\t<a class=\"elementor-button elementor-button-link elementor-size-sm\" href=\"https:\/\/harissefer.com\/bs\/nastupi\/\">\n\t\t\t\t\t\t<span class=\"elementor-button-content-wrapper\">\n\t\t\t\t\t\t\t\t\t<span class=\"elementor-button-text\">SLJEDE\u0106I NASTUP<\/span>\n\t\t\t\t\t<\/span>\n\t\t\t\t\t<\/a>\n\t\t\t\t<\/div>\n\t\t\t\t\t\t\t\t<\/div>\n\t\t\t\t<\/div>\n\t\t\t\t<\/div>\n\t\t<div class=\"elementor-element elementor-element-89a15d1 e-con-full e-flex e-con e-child\" data-id=\"89a15d1\" data-element_type=\"container\">\n\t\t\t\t<div class=\"elementor-element elementor-element-efd6da8 elementor-view-default elementor-widget elementor-widget-icon\" data-id=\"efd6da8\" data-element_type=\"widget\" data-widget_type=\"icon.default\">\n\t\t\t\t<div class=\"elementor-widget-container\">\n\t\t\t\t\t\t\t<div class=\"elementor-icon-wrapper\">\n\t\t\t<a class=\"elementor-icon\" href=\"https:\/\/harissefer.com\/wp-content\/uploads\/2024\/08\/PR_MEDIA_KIT.zip\">\n\t\t\t<svg xmlns=\"http:\/\/www.w3.org\/2000\/svg\" height=\"24px\" viewbox=\"0 -960 960 960\" width=\"24px\" fill=\"#FFFFFF\"><path d=\"M480-342 356-466l20-20 90 90v-352h28v352l90-90 20 20-124 124ZM272-212q-26 0-43-17t-17-43v-90h28v90q0 12 10 22t22 10h416q12 0 22-10t10-22v-90h28v90q0 26-17 43t-43 17H272Z\"><\/path><\/svg>\t\t\t<\/a>\n\t\t<\/div>\n\t\t\t\t\t\t<\/div>\n\t\t\t\t<\/div>\n\t\t\t\t<div class=\"elementor-element elementor-element-e07de89 elementor-align-center elementor-widget elementor-widget-button\" data-id=\"e07de89\" data-element_type=\"widget\" data-widget_type=\"button.default\">\n\t\t\t\t<div class=\"elementor-widget-container\">\n\t\t\t\t\t\t\t\t\t<div class=\"elementor-button-wrapper\">\n\t\t\t\t\t<a class=\"elementor-button elementor-button-link elementor-size-sm\" href=\"https:\/\/harissefer.com\/wp-content\/uploads\/2024\/08\/PR_MEDIA_KIT.zip\">\n\t\t\t\t\t\t<span class=\"elementor-button-content-wrapper\">\n\t\t\t\t\t\t\t\t\t<span class=\"elementor-button-text\">DOWNLOAD PR\/MEDIA KIT<\/span>\n\t\t\t\t\t<\/span>\n\t\t\t\t\t<\/a>\n\t\t\t\t<\/div>\n\t\t\t\t\t\t\t\t<\/div>\n\t\t\t\t<\/div>\n\t\t\t\t<\/div>\n\t\t\t\t<\/div>\n\t\t<div class=\"elementor-element elementor-element-3695598 e-flex e-con-boxed e-con e-parent\" data-id=\"3695598\" data-element_type=\"container\" data-settings=\"{&quot;background_background&quot;:&quot;classic&quot;}\">\n\t\t\t\t\t<div class=\"e-con-inner\">\n\t\t<div class=\"elementor-element elementor-element-43c11fc7 e-con-full e-flex e-con e-child\" data-id=\"43c11fc7\" data-element_type=\"container\">\n\t\t\t\t<div class=\"elementor-element elementor-element-19afcc02 animated-slow elementor-invisible elementor-widget elementor-widget-heading\" data-id=\"19afcc02\" data-element_type=\"widget\" data-settings=\"{&quot;_animation&quot;:&quot;slideInUp&quot;}\" data-widget_type=\"heading.default\">\n\t\t\t\t<div class=\"elementor-widget-container\">\n\t\t\t\t\t<h2 class=\"elementor-heading-title elementor-size-default\">PR\/MEDIA KONTAKT<\/h2>\t\t\t\t<\/div>\n\t\t\t\t<\/div>\n\t\t\t\t<div class=\"elementor-element elementor-element-f937526 elementor-widget__width-inherit elementor-widget-mobile__width-inherit elementor-icon-list--layout-traditional elementor-list-item-link-full_width elementor-widget elementor-widget-icon-list\" data-id=\"f937526\" data-element_type=\"widget\" data-widget_type=\"icon-list.default\">\n\t\t\t\t<div class=\"elementor-widget-container\">\n\t\t\t\t\t\t\t<ul class=\"elementor-icon-list-items\">\n\t\t\t\t\t\t\t<li class=\"elementor-icon-list-item\">\n\t\t\t\t\t\t\t\t\t\t\t<span class=\"elementor-icon-list-icon\">\n\t\t\t\t\t\t\t<svg xmlns=\"http:\/\/www.w3.org\/2000\/svg\" height=\"24px\" viewbox=\"0 -960 960 960\" width=\"24px\" fill=\"#FFFFFF\"><path d=\"M320-350q53.63 0 91.81-38.19Q450-426.38 450-480q0-53.63-38.19-91.81Q373.63-610 320-610q-53.62 0-91.81 38.19Q190-533.63 190-480q0 53.62 38.19 91.81Q266.38-350 320-350Zm0 28q-65.83 0-111.92-46.12-46.08-46.12-46.08-112T208.08-592q46.09-46 111.92-46 63 0 107.5 41.5T477-494h347v28H477q-5 61-49.5 102.5T320-322Zm0-158Z\"><\/path><\/svg>\t\t\t\t\t\t<\/span>\n\t\t\t\t\t\t\t\t\t\t<span class=\"elementor-icon-list-text\">D\u017eenita Sefer<\/span>\n\t\t\t\t\t\t\t\t\t<\/li>\n\t\t\t\t\t\t\t\t<li class=\"elementor-icon-list-item\">\n\t\t\t\t\t\t\t\t\t\t\t<span class=\"elementor-icon-list-icon\">\n\t\t\t\t\t\t\t<svg xmlns=\"http:\/\/www.w3.org\/2000\/svg\" height=\"24px\" viewbox=\"0 -960 960 960\" width=\"24px\" fill=\"#FFFFFF\"><path d=\"M320-350q53.63 0 91.81-38.19Q450-426.38 450-480q0-53.63-38.19-91.81Q373.63-610 320-610q-53.62 0-91.81 38.19Q190-533.63 190-480q0 53.62 38.19 91.81Q266.38-350 320-350Zm0 28q-65.83 0-111.92-46.12-46.08-46.12-46.08-112T208.08-592q46.09-46 111.92-46 63 0 107.5 41.5T477-494h347v28H477q-5 61-49.5 102.5T320-322Zm0-158Z\"><\/path><\/svg>\t\t\t\t\t\t<\/span>\n\t\t\t\t\t\t\t\t\t\t<span class=\"elementor-icon-list-text\">info@harissefer.com<\/span>\n\t\t\t\t\t\t\t\t\t<\/li>\n\t\t\t\t\t\t\t\t<li class=\"elementor-icon-list-item\">\n\t\t\t\t\t\t\t\t\t\t\t<span class=\"elementor-icon-list-icon\">\n\t\t\t\t\t\t\t<svg xmlns=\"http:\/\/www.w3.org\/2000\/svg\" height=\"24px\" viewbox=\"0 -960 960 960\" width=\"24px\" fill=\"#FFFFFF\"><path d=\"M320-350q53.63 0 91.81-38.19Q450-426.38 450-480q0-53.63-38.19-91.81Q373.63-610 320-610q-53.62 0-91.81 38.19Q190-533.63 190-480q0 53.62 38.19 91.81Q266.38-350 320-350Zm0 28q-65.83 0-111.92-46.12-46.08-46.12-46.08-112T208.08-592q46.09-46 111.92-46 63 0 107.5 41.5T477-494h347v28H477q-5 61-49.5 102.5T320-322Zm0-158Z\"><\/path><\/svg>\t\t\t\t\t\t<\/span>\n\t\t\t\t\t\t\t\t\t\t<span class=\"elementor-icon-list-text\">+316 46990615<\/span>\n\t\t\t\t\t\t\t\t\t<\/li>\n\t\t\t\t\t\t<\/ul>\n\t\t\t\t\t\t<\/div>\n\t\t\t\t<\/div>\n\t\t\t\t<div class=\"elementor-element elementor-element-bb19548 elementor-widget-divider--view-line elementor-widget elementor-widget-divider\" data-id=\"bb19548\" data-element_type=\"widget\" data-widget_type=\"divider.default\">\n\t\t\t\t<div class=\"elementor-widget-container\">\n\t\t\t\t\t\t\t<div class=\"elementor-divider\">\n\t\t\t<span class=\"elementor-divider-separator\">\n\t\t\t\t\t\t<\/span>\n\t\t<\/div>\n\t\t\t\t\t\t<\/div>\n\t\t\t\t<\/div>\n\t\t\t\t<\/div>\n\t\t\t\t<div class=\"elementor-element elementor-element-648cf172 elementor-widget elementor-widget-image\" data-id=\"648cf172\" data-element_type=\"widget\" data-widget_type=\"image.default\">\n\t\t\t\t<div class=\"elementor-widget-container\">\n\t\t\t\t\t\t\t\t\t\t\t\t\t\t\t<img decoding=\"async\" width=\"1024\" height=\"576\" src=\"https:\/\/harissefer.com\/wp-content\/uploads\/2024\/08\/12juli_gG0837-1024x576.jpg\" class=\"attachment-large size-large wp-image-1028\" alt=\"\" srcset=\"https:\/\/harissefer.com\/wp-content\/uploads\/2024\/08\/12juli_gG0837-1024x576.jpg 1024w, https:\/\/harissefer.com\/wp-content\/uploads\/2024\/08\/12juli_gG0837-300x169.jpg 300w, https:\/\/harissefer.com\/wp-content\/uploads\/2024\/08\/12juli_gG0837-768x432.jpg 768w, https:\/\/harissefer.com\/wp-content\/uploads\/2024\/08\/12juli_gG0837-1536x864.jpg 1536w, https:\/\/harissefer.com\/wp-content\/uploads\/2024\/08\/12juli_gG0837-2048x1152.jpg 2048w, https:\/\/harissefer.com\/wp-content\/uploads\/2024\/08\/12juli_gG0837-18x10.jpg 18w\" sizes=\"(max-width: 1024px) 100vw, 1024px\" \/>\t\t\t\t\t\t\t\t\t\t\t\t\t\t\t<\/div>\n\t\t\t\t<\/div>\n\t\t\t\t\t<\/div>\n\t\t\t\t<\/div>\n\t\t<div class=\"elementor-element elementor-element-97cfab7 e-flex e-con-boxed e-con e-parent\" data-id=\"97cfab7\" data-element_type=\"container\" data-settings=\"{&quot;background_background&quot;:&quot;classic&quot;}\">\n\t\t\t\t\t<div class=\"e-con-inner\">\n\t\t\t\t<div class=\"elementor-element elementor-element-bac6007 elementor-widget elementor-widget-spacer\" data-id=\"bac6007\" data-element_type=\"widget\" data-widget_type=\"spacer.default\">\n\t\t\t\t<div class=\"elementor-widget-container\">\n\t\t\t\t\t\t\t<div class=\"elementor-spacer\">\n\t\t\t<div class=\"elementor-spacer-inner\"><\/div>\n\t\t<\/div>\n\t\t\t\t\t\t<\/div>\n\t\t\t\t<\/div>\n\t\t\t\t\t<\/div>\n\t\t\t\t<\/div>\n\t\t\t\t<\/div>","protected":false},"excerpt":{"rendered":"<p>CONTACT PR\/MEDIA Haris Sefer, born and raised in The Hague, the Netherlands, has been captivating audiences with his unique musical [&hellip;]<\/p>","protected":false},"author":1,"featured_media":0,"parent":0,"menu_order":0,"comment_status":"closed","ping_status":"closed","template":"","meta":{"site-sidebar-layout":"no-sidebar","site-content-layout":"","ast-site-content-layout":"full-width-container","site-content-style":"default","site-sidebar-style":"default","ast-global-header-display":"","ast-banner-title-visibility":"","ast-main-header-display":"","ast-hfb-above-header-display":"","ast-hfb-below-header-display":"","ast-hfb-mobile-header-display":"","site-post-title":"disabled","ast-breadcrumbs-content":"","ast-featured-img":"disabled","footer-sml-layout":"","theme-transparent-header-meta":"","adv-header-id-meta":"","stick-header-meta":"","header-above-stick-meta":"","header-main-stick-meta":"","header-below-stick-meta":"","astra-migrate-meta-layouts":"default","ast-page-background-enabled":"default","ast-page-background-meta":{"desktop":{"background-color":"var(--ast-global-color-4)","background-image":"","background-repeat":"repeat","background-position":"center center","background-size":"auto","background-attachment":"scroll","background-type":"","background-media":"","overlay-type":"","overlay-color":"","overlay-opacity":"","overlay-gradient":""},"tablet":{"background-color":"","background-image":"","background-repeat":"repeat","background-position":"center center","background-size":"auto","background-attachment":"scroll","background-type":"","background-media":"","overlay-type":"","overlay-color":"","overlay-opacity":"","overlay-gradient":""},"mobile":{"background-color":"","background-image":"","background-repeat":"repeat","background-position":"center center","background-size":"auto","background-attachment":"scroll","background-type":"","background-media":"","overlay-type":"","overlay-color":"","overlay-opacity":"","overlay-gradient":""}},"ast-content-background-meta":{"desktop":{"background-color":"var(--ast-global-color-5)","background-image":"","background-repeat":"repeat","background-position":"center center","background-size":"auto","background-attachment":"scroll","background-type":"","background-media":"","overlay-type":"","overlay-color":"","overlay-opacity":"","overlay-gradient":""},"tablet":{"background-color":"var(--ast-global-color-5)","background-image":"","background-repeat":"repeat","background-position":"center center","background-size":"auto","background-attachment":"scroll","background-type":"","background-media":"","overlay-type":"","overlay-color":"","overlay-opacity":"","overlay-gradient":""},"mobile":{"background-color":"var(--ast-global-color-5)","background-image":"","background-repeat":"repeat","background-position":"center center","background-size":"auto","background-attachment":"scroll","background-type":"","background-media":"","overlay-type":"","overlay-color":"","overlay-opacity":"","overlay-gradient":""}},"footnotes":""},"class_list":["post-998","page","type-page","status-publish","hentry"],"_links":{"self":[{"href":"https:\/\/harissefer.com\/bs\/wp-json\/wp\/v2\/pages\/998","targetHints":{"allow":["GET"]}}],"collection":[{"href":"https:\/\/harissefer.com\/bs\/wp-json\/wp\/v2\/pages"}],"about":[{"href":"https:\/\/harissefer.com\/bs\/wp-json\/wp\/v2\/types\/page"}],"author":[{"embeddable":true,"href":"https:\/\/harissefer.com\/bs\/wp-json\/wp\/v2\/users\/1"}],"replies":[{"embeddable":true,"href":"https:\/\/harissefer.com\/bs\/wp-json\/wp\/v2\/comments?post=998"}],"version-history":[{"count":58,"href":"https:\/\/harissefer.com\/bs\/wp-json\/wp\/v2\/pages\/998\/revisions"}],"predecessor-version":[{"id":1524,"href":"https:\/\/harissefer.com\/bs\/wp-json\/wp\/v2\/pages\/998\/revisions\/1524"}],"wp:attachment":[{"href":"https:\/\/harissefer.com\/bs\/wp-json\/wp\/v2\/media?parent=998"}],"curies":[{"name":"wp","href":"https:\/\/api.w.org\/{rel}","templated":true}]}}